{"id":208,"date":"2024-04-10T15:35:53","date_gmt":"2024-04-10T13:35:53","guid":{"rendered":"https:\/\/www.motionelectronics.cz\/?page_id=208"},"modified":"2024-07-24T20:24:24","modified_gmt":"2024-07-24T18:24:24","slug":"specializace","status":"publish","type":"page","link":"https:\/\/www.motionelectronics.cz\/index.php\/specializace\/","title":{"rendered":"SPECIALIZACE"},"content":{"rendered":"\t\t<div data-elementor-type=\"wp-page\" data-elementor-id=\"208\" class=\"elementor elementor-208\">\n\t\t\t\t<div class=\"elementor-element elementor-element-6v8334s e-flex e-con-boxed e-con e-parent\" data-id=\"6v8334s\" data-element_type=\"container\" data-settings=\"{&quot;background_background&quot;:&quot;classic&quot;}\">\n\t\t\t\t\t<div class=\"e-con-inner\">\n\t\t<div class=\"elementor-element elementor-element-341f31e e-con-full e-flex e-con e-child\" data-id=\"341f31e\" data-element_type=\"container\">\n\t\t\t\t<\/div>\n\t\t\t\t\t<\/div>\n\t\t\t\t<\/div>\n\t\t<div class=\"elementor-element elementor-element-44etgb3 e-flex e-con-boxed e-con e-parent\" data-id=\"44etgb3\" data-element_type=\"container\">\n\t\t\t\t\t<div class=\"e-con-inner\">\n\t\t<div class=\"elementor-element elementor-element-53e9612 e-con-full e-flex e-con e-child\" data-id=\"53e9612\" data-element_type=\"container\">\n\t\t\t\t<div class=\"elementor-element elementor-element-7179047 elementor-widget elementor-widget-heading\" data-id=\"7179047\" data-element_type=\"widget\" data-widget_type=\"heading.default\">\n\t\t\t\t<div class=\"elementor-widget-container\">\n\t\t\t<h2 class=\"elementor-heading-title elementor-size-default\">NA\u0160E DOMINANTN\u00cd STR\u00c1NKY<\/h2>\t\t<\/div>\n\t\t\t\t<\/div>\n\t\t\t\t<div class=\"elementor-element elementor-element-18e4ffe elementor-widget elementor-widget-text-editor\" data-id=\"18e4ffe\" data-element_type=\"widget\" data-widget_type=\"text-editor.default\">\n\t\t\t\t<div class=\"elementor-widget-container\">\n\t\t\t\t\t\t\t<p>Neboj\u00edme se \u017e\u00e1dn\u00e9 v\u00fdzvy, nejv\u00edce siln\u00fdmi se ov\u0161em c\u00edt\u00edme v oblasti automatizovan\u00e9 v\u00fdroby a optick\u00e9 detekce.<\/p>\t\t\t\t\t\t<\/div>\n\t\t\t\t<\/div>\n\t\t\t\t<\/div>\n\t\t\t\t\t<\/div>\n\t\t\t\t<\/div>\n\t\t<div class=\"elementor-element elementor-element-op3lbny e-flex e-con-boxed e-con e-parent\" data-id=\"op3lbny\" data-element_type=\"container\">\n\t\t\t\t\t<div class=\"e-con-inner\">\n\t\t<div class=\"elementor-element elementor-element-b19ea39 e-con-full e-flex e-con e-child\" data-id=\"b19ea39\" data-element_type=\"container\">\n\t\t\t\t<div class=\"elementor-element elementor-element-f99f203 elementor-widget elementor-widget-image\" data-id=\"f99f203\" data-element_type=\"widget\" data-widget_type=\"image.default\">\n\t\t\t\t<div class=\"elementor-widget-container\">\n\t\t\t\t\t\t\t\t\t\t\t\t\t<img fetchpriority=\"high\" decoding=\"async\" width=\"1024\" height=\"1024\" src=\"https:\/\/www.motionelectronics.cz\/wp-content\/uploads\/2024\/06\/DALL\u00b7E-2024-06-18-19.26.56-A-detailed-image-focusing-on-the-development-of-optics-featuring-cutting-edge-industrial-lenses-cameras-and-advanced-optical-devices-in-a-modern-h.webp\" class=\"attachment-large size-large wp-image-322\" alt=\"\" srcset=\"https:\/\/www.motionelectronics.cz\/wp-content\/uploads\/2024\/06\/DALL\u00b7E-2024-06-18-19.26.56-A-detailed-image-focusing-on-the-development-of-optics-featuring-cutting-edge-industrial-lenses-cameras-and-advanced-optical-devices-in-a-modern-h.webp 1024w, https:\/\/www.motionelectronics.cz\/wp-content\/uploads\/2024\/06\/DALL\u00b7E-2024-06-18-19.26.56-A-detailed-image-focusing-on-the-development-of-optics-featuring-cutting-edge-industrial-lenses-cameras-and-advanced-optical-devices-in-a-modern-h-300x300.webp 300w, https:\/\/www.motionelectronics.cz\/wp-content\/uploads\/2024\/06\/DALL\u00b7E-2024-06-18-19.26.56-A-detailed-image-focusing-on-the-development-of-optics-featuring-cutting-edge-industrial-lenses-cameras-and-advanced-optical-devices-in-a-modern-h-150x150.webp 150w, https:\/\/www.motionelectronics.cz\/wp-content\/uploads\/2024\/06\/DALL\u00b7E-2024-06-18-19.26.56-A-detailed-image-focusing-on-the-development-of-optics-featuring-cutting-edge-industrial-lenses-cameras-and-advanced-optical-devices-in-a-modern-h-768x768.webp 768w\" sizes=\"(max-width: 1024px) 100vw, 1024px\" \/>\t\t\t\t\t\t\t\t\t\t\t\t\t<\/div>\n\t\t\t\t<\/div>\n\t\t\t\t<div class=\"elementor-element elementor-element-d1c18d2 elementor-widget elementor-widget-image-box\" data-id=\"d1c18d2\" data-element_type=\"widget\" data-widget_type=\"image-box.default\">\n\t\t\t\t<div class=\"elementor-widget-container\">\n\t\t\t<div class=\"elementor-image-box-wrapper\"><div class=\"elementor-image-box-content\"><h5 class=\"elementor-image-box-title\">OPTICK\u00dd DESIGN<\/h5><p class=\"elementor-image-box-description\">Optika je velmi rozs\u00e1hl\u00e9 t\u00e9ma. M\u016f\u017ee se v n\u011bm jednat o stavbu dalekohledu, kontrolu proveden\u00ed procesu ve v\u00fdrob\u011b, optick\u00fd senzor, ale tak\u00e9 optimalizov\u00e1n\u00ed laserov\u00fdch proces\u016f. Tohle t\u00e9ma je n\u00e1m nejbli\u017e\u0161\u00ed, proto\u017ee s sebou p\u0159in\u00e1\u0161\u00ed nov\u00e9 v\u00fdzvy a nov\u00e9 technologie.<\/p><\/div><\/div>\t\t<\/div>\n\t\t\t\t<\/div>\n\t\t\t\t<\/div>\n\t\t<div class=\"elementor-element elementor-element-ec35598 e-con-full e-flex e-con e-child\" data-id=\"ec35598\" data-element_type=\"container\">\n\t\t\t\t<div class=\"elementor-element elementor-element-2d2b862 elementor-widget elementor-widget-image\" data-id=\"2d2b862\" data-element_type=\"widget\" data-widget_type=\"image.default\">\n\t\t\t\t<div class=\"elementor-widget-container\">\n\t\t\t\t\t\t\t\t\t\t\t\t\t<img decoding=\"async\" width=\"1024\" height=\"1024\" src=\"https:\/\/www.motionelectronics.cz\/wp-content\/uploads\/2024\/06\/DALL\u00b7E-2024-06-18-19.27.02-A-detailed-image-focusing-on-the-development-of-hardware-and-mechanical-design-featuring-high-tech-machinery-3D-CAD-models-robotic-arms-and-precis.webp\" class=\"attachment-large size-large wp-image-321\" alt=\"\" srcset=\"https:\/\/www.motionelectronics.cz\/wp-content\/uploads\/2024\/06\/DALL\u00b7E-2024-06-18-19.27.02-A-detailed-image-focusing-on-the-development-of-hardware-and-mechanical-design-featuring-high-tech-machinery-3D-CAD-models-robotic-arms-and-precis.webp 1024w, https:\/\/www.motionelectronics.cz\/wp-content\/uploads\/2024\/06\/DALL\u00b7E-2024-06-18-19.27.02-A-detailed-image-focusing-on-the-development-of-hardware-and-mechanical-design-featuring-high-tech-machinery-3D-CAD-models-robotic-arms-and-precis-300x300.webp 300w, https:\/\/www.motionelectronics.cz\/wp-content\/uploads\/2024\/06\/DALL\u00b7E-2024-06-18-19.27.02-A-detailed-image-focusing-on-the-development-of-hardware-and-mechanical-design-featuring-high-tech-machinery-3D-CAD-models-robotic-arms-and-precis-150x150.webp 150w, https:\/\/www.motionelectronics.cz\/wp-content\/uploads\/2024\/06\/DALL\u00b7E-2024-06-18-19.27.02-A-detailed-image-focusing-on-the-development-of-hardware-and-mechanical-design-featuring-high-tech-machinery-3D-CAD-models-robotic-arms-and-precis-768x768.webp 768w\" sizes=\"(max-width: 1024px) 100vw, 1024px\" \/>\t\t\t\t\t\t\t\t\t\t\t\t\t<\/div>\n\t\t\t\t<\/div>\n\t\t\t\t<div class=\"elementor-element elementor-element-fa4c287 elementor-widget elementor-widget-image-box\" data-id=\"fa4c287\" data-element_type=\"widget\" data-widget_type=\"image-box.default\">\n\t\t\t\t<div class=\"elementor-widget-container\">\n\t\t\t<div class=\"elementor-image-box-wrapper\"><div class=\"elementor-image-box-content\"><h5 class=\"elementor-image-box-title\">MECHANICK\u00dd DESIGN<\/h5><p class=\"elementor-image-box-description\">V tomto t\u00e9matu si obzvl\u00e1\u0161t\u011b v\u011b\u0159\u00edme, proto\u017ee n\u00e1\u0161 konstrukt\u00e9rsk\u00fd t\u00fdm je p\u0159i sv\u00e9 pr\u00e1ci velmi p\u0159em\u00fd\u0161liv\u00fd a m\u00e1 cit pro dotahov\u00e1n\u00ed v\u011bc\u00ed k funk\u010dnosti. Ji\u017e p\u0159i tvorb\u011b sestavy mysl\u00edme na jej\u00ed funk\u010dnost a pohodln\u00e9 sestaven\u00ed. P\u0159edch\u00e1z\u00edme tak pouh\u00e9mu \u010dek\u00e1n\u00ed po vymodelov\u00e1n\u00ed, zda bude \u010di nebude fungovat. <\/p><\/div><\/div>\t\t<\/div>\n\t\t\t\t<\/div>\n\t\t\t\t<\/div>\n\t\t\t\t\t<\/div>\n\t\t\t\t<\/div>\n\t\t<div class=\"elementor-element elementor-element-k3h567u e-flex e-con-boxed e-con e-parent\" data-id=\"k3h567u\" data-element_type=\"container\">\n\t\t\t\t\t<div class=\"e-con-inner\">\n\t\t<div class=\"elementor-element elementor-element-a722f70 e-con-full e-flex e-con e-child\" data-id=\"a722f70\" data-element_type=\"container\">\n\t\t\t\t<div class=\"elementor-element elementor-element-07df97f elementor-widget elementor-widget-image\" data-id=\"07df97f\" data-element_type=\"widget\" data-widget_type=\"image.default\">\n\t\t\t\t<div class=\"elementor-widget-container\">\n\t\t\t\t\t\t\t\t\t\t\t\t\t<img decoding=\"async\" width=\"1024\" height=\"1024\" src=\"https:\/\/www.motionelectronics.cz\/wp-content\/uploads\/2024\/06\/DALL\u00b7E-2024-06-18-19.27.06-A-detailed-slightly-darkened-image-focusing-on-software-development-and-programming-featuring-advanced-software-interfaces-code-on-high-tech-screen.webp\" class=\"attachment-large size-large wp-image-320\" alt=\"\" srcset=\"https:\/\/www.motionelectronics.cz\/wp-content\/uploads\/2024\/06\/DALL\u00b7E-2024-06-18-19.27.06-A-detailed-slightly-darkened-image-focusing-on-software-development-and-programming-featuring-advanced-software-interfaces-code-on-high-tech-screen.webp 1024w, https:\/\/www.motionelectronics.cz\/wp-content\/uploads\/2024\/06\/DALL\u00b7E-2024-06-18-19.27.06-A-detailed-slightly-darkened-image-focusing-on-software-development-and-programming-featuring-advanced-software-interfaces-code-on-high-tech-screen-300x300.webp 300w, https:\/\/www.motionelectronics.cz\/wp-content\/uploads\/2024\/06\/DALL\u00b7E-2024-06-18-19.27.06-A-detailed-slightly-darkened-image-focusing-on-software-development-and-programming-featuring-advanced-software-interfaces-code-on-high-tech-screen-150x150.webp 150w, https:\/\/www.motionelectronics.cz\/wp-content\/uploads\/2024\/06\/DALL\u00b7E-2024-06-18-19.27.06-A-detailed-slightly-darkened-image-focusing-on-software-development-and-programming-featuring-advanced-software-interfaces-code-on-high-tech-screen-768x768.webp 768w\" sizes=\"(max-width: 1024px) 100vw, 1024px\" \/>\t\t\t\t\t\t\t\t\t\t\t\t\t<\/div>\n\t\t\t\t<\/div>\n\t\t\t\t<div class=\"elementor-element elementor-element-da03def elementor-widget elementor-widget-image-box\" data-id=\"da03def\" data-element_type=\"widget\" data-widget_type=\"image-box.default\">\n\t\t\t\t<div class=\"elementor-widget-container\">\n\t\t\t<div class=\"elementor-image-box-wrapper\"><div class=\"elementor-image-box-content\"><h5 class=\"elementor-image-box-title\">SOFTWARE<\/h5><p class=\"elementor-image-box-description\">V na\u0161em softwarovym t\u00fdmu jsou lid\u00e9, u kter\u00fdch je t\u011b\u017ek\u00e9 odhadnout, jestli je pro n\u011b v\u00fdvoj st\u00e1le prac\u00ed nebo kon\u00ed\u010dkem. Program\u00e1to\u0159i maj\u00ed \u010dasto sv\u016fj sv\u011bt, ve kter\u00e9m se c\u00edt\u00ed komfortn\u011b a dosahuj\u00ed skv\u011bl\u00fdch v\u00fdsledk\u016f.<\/p><\/div><\/div>\t\t<\/div>\n\t\t\t\t<\/div>\n\t\t\t\t<\/div>\n\t\t<div class=\"elementor-element elementor-element-78f6d94 e-con-full e-flex e-con e-child\" data-id=\"78f6d94\" data-element_type=\"container\">\n\t\t\t\t<div class=\"elementor-element elementor-element-4befabd elementor-widget elementor-widget-image\" data-id=\"4befabd\" data-element_type=\"widget\" data-widget_type=\"image.default\">\n\t\t\t\t<div class=\"elementor-widget-container\">\n\t\t\t\t\t\t\t\t\t\t\t\t\t<img loading=\"lazy\" decoding=\"async\" width=\"1024\" height=\"1024\" src=\"https:\/\/www.motionelectronics.cz\/wp-content\/uploads\/2024\/06\/DALL\u00b7E-2024-06-18-19.27.11-A-detailed-image-focusing-on-the-integration-and-assembly-of-complete-systems-featuring-a-team-of-engineers-and-scientists-working-together-to-combin.webp\" class=\"attachment-large size-large wp-image-319\" alt=\"\" srcset=\"https:\/\/www.motionelectronics.cz\/wp-content\/uploads\/2024\/06\/DALL\u00b7E-2024-06-18-19.27.11-A-detailed-image-focusing-on-the-integration-and-assembly-of-complete-systems-featuring-a-team-of-engineers-and-scientists-working-together-to-combin.webp 1024w, https:\/\/www.motionelectronics.cz\/wp-content\/uploads\/2024\/06\/DALL\u00b7E-2024-06-18-19.27.11-A-detailed-image-focusing-on-the-integration-and-assembly-of-complete-systems-featuring-a-team-of-engineers-and-scientists-working-together-to-combin-300x300.webp 300w, https:\/\/www.motionelectronics.cz\/wp-content\/uploads\/2024\/06\/DALL\u00b7E-2024-06-18-19.27.11-A-detailed-image-focusing-on-the-integration-and-assembly-of-complete-systems-featuring-a-team-of-engineers-and-scientists-working-together-to-combin-150x150.webp 150w, https:\/\/www.motionelectronics.cz\/wp-content\/uploads\/2024\/06\/DALL\u00b7E-2024-06-18-19.27.11-A-detailed-image-focusing-on-the-integration-and-assembly-of-complete-systems-featuring-a-team-of-engineers-and-scientists-working-together-to-combin-768x768.webp 768w\" sizes=\"(max-width: 1024px) 100vw, 1024px\" \/>\t\t\t\t\t\t\t\t\t\t\t\t\t<\/div>\n\t\t\t\t<\/div>\n\t\t\t\t<div class=\"elementor-element elementor-element-03e1dc6 elementor-widget elementor-widget-image-box\" data-id=\"03e1dc6\" data-element_type=\"widget\" data-widget_type=\"image-box.default\">\n\t\t\t\t<div class=\"elementor-widget-container\">\n\t\t\t<div class=\"elementor-image-box-wrapper\"><div class=\"elementor-image-box-content\"><h5 class=\"elementor-image-box-title\">KOMPLETACE CELKU<\/h5><p class=\"elementor-image-box-description\">Na\u0161e spole\u010dnost vznikla z oby\u010dejn\u00e9 party v\u00fdvoj\u00e1\u0159\u016f, kte\u0159\u00ed m\u011bli sen pracovat na sv\u00fdch projektech. Je t\u011b\u017ek\u00e9 to popisovat jako pr\u00e1ci, proto\u017ee kdy\u017e n\u011bkoho pr\u00e1ce bav\u00ed tolik jako n\u00e1s, tak se tomu pr\u00e1ce \u0159\u00edkat ned\u00e1. Pointa vych\u00e1zej\u00edc\u00ed z tohoto textu je takov\u00e1, \u017ee jsme spolu v\u0161ichni zvykl\u00fd bezprobl\u00e9mov\u011b komunikovat nap\u0159\u00ed\u010d v\u0161emi obory. Je toti\u017e z\u0159ejm\u00e9, \u017ee pokud spolu nap\u0159. program\u00e1tor a mechanick\u00fd design\u00e9r nekomunikuj\u00ed, nemus\u00ed doj\u00edt k nejlep\u0161\u00edmu v\u00fdsledku. <\/p><\/div><\/div>\t\t<\/div>\n\t\t\t\t<\/div>\n\t\t\t\t<\/div>\n\t\t\t\t\t<\/div>\n\t\t\t\t<\/div>\n\t\t<div class=\"elementor-element elementor-element-xizu9ew e-flex e-con-boxed e-con e-parent\" data-id=\"xizu9ew\" data-element_type=\"container\" data-settings=\"{&quot;background_background&quot;:&quot;classic&quot;}\">\n\t\t\t\t\t<div class=\"e-con-inner\">\n\t\t<div class=\"elementor-element elementor-element-6e0acd9 e-con-full e-flex e-con e-child\" data-id=\"6e0acd9\" data-element_type=\"container\">\n\t\t\t\t<div class=\"elementor-element elementor-element-5999f25 elementor-widget elementor-widget-heading\" data-id=\"5999f25\" data-element_type=\"widget\" data-widget_type=\"heading.default\">\n\t\t\t\t<div class=\"elementor-widget-container\">\n\t\t\t<h3 class=\"elementor-heading-title elementor-size-default\">DOTA\u017dEN\u00cd DO C\u00cdLE\n<\/h3>\t\t<\/div>\n\t\t\t\t<\/div>\n\t\t\t\t<div class=\"elementor-element elementor-element-59a4da9 elementor-widget elementor-widget-text-editor\" data-id=\"59a4da9\" data-element_type=\"widget\" data-widget_type=\"text-editor.default\">\n\t\t\t\t<div class=\"elementor-widget-container\">\n\t\t\t\t\t\t\t<p>D\u00edky ji\u017e zm\u00edn\u011bn\u00e9mu textu v\u00edte, \u017ee nemus\u00edte m\u00edt strach z nedota\u017een\u00fdch\/nedomy\u0161len\u00fdch projekt\u016f. M\u00e1me \u010dast\u00e9 porady, komunikaci na denn\u00ed b\u00e1zi a skv\u011bl\u00fd projektov\u00fd managament.<\/p>\t\t\t\t\t\t<\/div>\n\t\t\t\t<\/div>\n\t\t\t\t<\/div>\n\t\t<div class=\"elementor-element elementor-element-7442a3f e-con-full e-flex e-con e-child\" data-id=\"7442a3f\" data-element_type=\"container\">\n\t\t\t\t<div class=\"elementor-element elementor-element-c5fffac elementor-widget elementor-widget-heading\" data-id=\"c5fffac\" data-element_type=\"widget\" data-widget_type=\"heading.default\">\n\t\t\t\t<div class=\"elementor-widget-container\">\n\t\t\t<h3 class=\"elementor-heading-title elementor-size-default\">PROTOTYPEM TO NEKON\u010c\u00cd<\/h3>\t\t<\/div>\n\t\t\t\t<\/div>\n\t\t\t\t<div class=\"elementor-element elementor-element-06f1715 elementor-widget elementor-widget-text-editor\" data-id=\"06f1715\" data-element_type=\"widget\" data-widget_type=\"text-editor.default\">\n\t\t\t\t<div class=\"elementor-widget-container\">\n\t\t\t\t\t\t\t<p>D\u00edky zku\u0161enostem z praxe a selsk\u00e9mu rozumu tak\u00e9 v\u00edme, \u017ee je pot\u0159eba z\u00e1kazn\u00edka podpo\u0159it i v p\u0159\u00edpad\u011b, kdy chce dot\u00e1hnout n\u00e1mi vymy\u0161len\u00fd produkt do s\u00e9riov\u00e9 v\u00fdroby. Zde je pot\u0159eba myslet na v\u0161echno. Tento druh podpory od n\u00e1s tak\u00e9 dostanete.<\/p>\t\t\t\t\t\t<\/div>\n\t\t\t\t<\/div>\n\t\t\t\t<\/div>\n\t\t\t\t\t<\/div>\n\t\t\t\t<\/div>\n\t\t\t\t<\/div>\n\t\t","protected":false},"excerpt":{"rendered":"<p>NA\u0160E DOMINANTN\u00cd STR\u00c1NKY Neboj\u00edme se \u017e\u00e1dn\u00e9 v\u00fdzvy, nejv\u00edce siln\u00fdmi se ov\u0161em c\u00edt\u00edme v oblasti automatizovan\u00e9 v\u00fdroby a optick\u00e9 detekce. OPTICK\u00dd [&hellip;]<\/p>\n","protected":false},"author":1,"featured_media":0,"parent":0,"menu_order":0,"comment_status":"closed","ping_status":"closed","template":"","meta":{"site-sidebar-layout":"no-sidebar","site-content-layout":"","ast-site-content-layout":"full-width-container","site-content-style":"default","site-sidebar-style":"default","ast-global-header-display":"","ast-banner-title-visibility":"","ast-main-header-display":"","ast-hfb-above-header-display":"","ast-hfb-below-header-display":"","ast-hfb-mobile-header-display":"","site-post-title":"disabled","ast-breadcrumbs-content":"","ast-featured-img":"disabled","footer-sml-layout":"","ast-disable-related-posts":"","theme-transparent-header-meta":"","adv-header-id-meta":"","stick-header-meta":"","header-above-stick-meta":"","header-main-stick-meta":"","header-below-stick-meta":"","astra-migrate-meta-layouts":"default","ast-page-background-enabled":"default","ast-page-background-meta":{"desktop":{"background-color":"var(--ast-global-color-4)","background-image":"","background-repeat":"repeat","background-position":"center center","background-size":"auto","background-attachment":"scroll","background-type":"","background-media":"","overlay-type":"","overlay-color":"","overlay-opacity":"","overlay-gradient":""},"tablet":{"background-color":"","background-image":"","background-repeat":"repeat","background-position":"center center","background-size":"auto","background-attachment":"scroll","background-type":"","background-media":"","overlay-type":"","overlay-color":"","overlay-opacity":"","overlay-gradient":""},"mobile":{"background-color":"","background-image":"","background-repeat":"repeat","background-position":"center center","background-size":"auto","background-attachment":"scroll","background-type":"","background-media":"","overlay-type":"","overlay-color":"","overlay-opacity":"","overlay-gradient":""}},"ast-content-background-meta":{"desktop":{"background-color":"var(--ast-global-color-5)","background-image":"","background-repeat":"repeat","background-position":"center center","background-size":"auto","background-attachment":"scroll","background-type":"","background-media":"","overlay-type":"","overlay-color":"","overlay-opacity":"","overlay-gradient":""},"tablet":{"background-color":"var(--ast-global-color-5)","background-image":"","background-repeat":"repeat","background-position":"center center","background-size":"auto","background-attachment":"scroll","background-type":"","background-media":"","overlay-type":"","overlay-color":"","overlay-opacity":"","overlay-gradient":""},"mobile":{"background-color":"var(--ast-global-color-5)","background-image":"","background-repeat":"repeat","background-position":"center center","background-size":"auto","background-attachment":"scroll","background-type":"","background-media":"","overlay-type":"","overlay-color":"","overlay-opacity":"","overlay-gradient":""}},"footnotes":""},"class_list":["post-208","page","type-page","status-publish","hentry"],"_links":{"self":[{"href":"https:\/\/www.motionelectronics.cz\/index.php\/wp-json\/wp\/v2\/pages\/208","targetHints":{"allow":["GET"]}}],"collection":[{"href":"https:\/\/www.motionelectronics.cz\/index.php\/wp-json\/wp\/v2\/pages"}],"about":[{"href":"https:\/\/www.motionelectronics.cz\/index.php\/wp-json\/wp\/v2\/types\/page"}],"author":[{"embeddable":true,"href":"https:\/\/www.motionelectronics.cz\/index.php\/wp-json\/wp\/v2\/users\/1"}],"replies":[{"embeddable":true,"href":"https:\/\/www.motionelectronics.cz\/index.php\/wp-json\/wp\/v2\/comments?post=208"}],"version-history":[{"count":28,"href":"https:\/\/www.motionelectronics.cz\/index.php\/wp-json\/wp\/v2\/pages\/208\/revisions"}],"predecessor-version":[{"id":410,"href":"https:\/\/www.motionelectronics.cz\/index.php\/wp-json\/wp\/v2\/pages\/208\/revisions\/410"}],"wp:attachment":[{"href":"https:\/\/www.motionelectronics.cz\/index.php\/wp-json\/wp\/v2\/media?parent=208"}],"curies":[{"name":"wp","href":"https:\/\/api.w.org\/{rel}","templated":true}]}}