{"id":182,"date":"2024-05-10T12:07:31","date_gmt":"2024-05-10T10:07:31","guid":{"rendered":"https:\/\/www.motionelectronics.cz\/?page_id=182"},"modified":"2024-07-24T19:01:12","modified_gmt":"2024-07-24T17:01:12","slug":"postup-spoluprace","status":"publish","type":"page","link":"https:\/\/www.motionelectronics.cz\/index.php\/postup-spoluprace\/","title":{"rendered":"POSTUP SPOLUPR\u00c1CE"},"content":{"rendered":"\t\t<div data-elementor-type=\"wp-page\" data-elementor-id=\"182\" class=\"elementor elementor-182\">\n\t\t\t\t<div class=\"elementor-element elementor-element-rzybzg5 e-flex e-con-boxed e-con e-parent\" data-id=\"rzybzg5\" data-element_type=\"container\" data-settings=\"{&quot;background_background&quot;:&quot;classic&quot;}\">\n\t\t\t\t\t<div class=\"e-con-inner\">\n\t\t<div class=\"elementor-element elementor-element-0502d81 e-con-full e-flex e-con e-child\" data-id=\"0502d81\" data-element_type=\"container\">\n\t\t\t\t<\/div>\n\t\t\t\t\t<\/div>\n\t\t\t\t<\/div>\n\t\t<div class=\"elementor-element elementor-element-k2nkncb e-flex e-con-boxed e-con e-parent\" data-id=\"k2nkncb\" data-element_type=\"container\">\n\t\t\t\t\t<div class=\"e-con-inner\">\n\t\t<div class=\"elementor-element elementor-element-89a7aec e-con-full e-flex e-con e-child\" data-id=\"89a7aec\" data-element_type=\"container\">\n\t\t\t\t<div class=\"elementor-element elementor-element-a01f0dc elementor-widget elementor-widget-heading\" data-id=\"a01f0dc\" data-element_type=\"widget\" data-widget_type=\"heading.default\">\n\t\t\t\t<div class=\"elementor-widget-container\">\n\t\t\t<h2 class=\"elementor-heading-title elementor-size-default\">POSTUP KROK PO KROKU<\/h2>\t\t<\/div>\n\t\t\t\t<\/div>\n\t\t\t\t<div class=\"elementor-element elementor-element-caa397b elementor-widget elementor-widget-text-editor\" data-id=\"caa397b\" data-element_type=\"widget\" data-widget_type=\"text-editor.default\">\n\t\t\t\t<div class=\"elementor-widget-container\">\n\t\t\t\t\t\t\t<ul><li>Sezn\u00e1m\u00edme se s va\u0161\u00edm projektem<\/li><li>Provedeme studii proveditelnosti<\/li><li>Odprezentujeme v\u00e1m mo\u017en\u00e1 \u0159e\u0161en\u00ed<\/li><li>Po v\u00e1mi zvolen\u00e9m \u0159e\u0161en\u00ed se pust\u00edme do pr\u00e1ce<\/li><li>V pr\u016fb\u011bhu v\u00fdvoje v\u00e1m budeme zas\u00edlat reporty<\/li><li>Budeme realizovat prezentace, abyste byli v obraze po celou dobu v\u00fdvoje<\/li><li>P\u0159ed\u00e1me v\u00e1m dokumentaci a n\u00e1vod<\/li><li>Poskytneme v\u00e1m podporu p\u0159i zav\u00e1d\u011bn\u00ed do v\u00fdroby<\/li><li>Pro\u0161kol\u00edme va\u0161e techniky\/technology<\/li><\/ul>\t\t\t\t\t\t<\/div>\n\t\t\t\t<\/div>\n\t\t\t\t<\/div>\n\t\t<div class=\"elementor-element elementor-element-e8e4600 e-con-full e-flex e-con e-child\" data-id=\"e8e4600\" data-element_type=\"container\">\n\t\t\t\t<div class=\"elementor-element elementor-element-6060d91 elementor-widget elementor-widget-image\" data-id=\"6060d91\" data-element_type=\"widget\" data-widget_type=\"image.default\">\n\t\t\t\t<div class=\"elementor-widget-container\">\n\t\t\t\t\t\t\t\t\t\t\t\t\t<img fetchpriority=\"high\" decoding=\"async\" width=\"1024\" height=\"1024\" src=\"https:\/\/www.motionelectronics.cz\/wp-content\/uploads\/2024\/06\/DALL\u00b7E-2024-06-18-19.29.21-A-detailed-image-of-a-todo-list-lying-on-a-desk-in-a-modern-and-sleek-style.-The-list-is-written-on-a-notepad-or-paper-surrounded-by-various-offic.webp\" class=\"attachment-full size-full wp-image-317\" alt=\"\" srcset=\"https:\/\/www.motionelectronics.cz\/wp-content\/uploads\/2024\/06\/DALL\u00b7E-2024-06-18-19.29.21-A-detailed-image-of-a-todo-list-lying-on-a-desk-in-a-modern-and-sleek-style.-The-list-is-written-on-a-notepad-or-paper-surrounded-by-various-offic.webp 1024w, https:\/\/www.motionelectronics.cz\/wp-content\/uploads\/2024\/06\/DALL\u00b7E-2024-06-18-19.29.21-A-detailed-image-of-a-todo-list-lying-on-a-desk-in-a-modern-and-sleek-style.-The-list-is-written-on-a-notepad-or-paper-surrounded-by-various-offic-300x300.webp 300w, https:\/\/www.motionelectronics.cz\/wp-content\/uploads\/2024\/06\/DALL\u00b7E-2024-06-18-19.29.21-A-detailed-image-of-a-todo-list-lying-on-a-desk-in-a-modern-and-sleek-style.-The-list-is-written-on-a-notepad-or-paper-surrounded-by-various-offic-150x150.webp 150w, https:\/\/www.motionelectronics.cz\/wp-content\/uploads\/2024\/06\/DALL\u00b7E-2024-06-18-19.29.21-A-detailed-image-of-a-todo-list-lying-on-a-desk-in-a-modern-and-sleek-style.-The-list-is-written-on-a-notepad-or-paper-surrounded-by-various-offic-768x768.webp 768w\" sizes=\"(max-width: 1024px) 100vw, 1024px\" \/>\t\t\t\t\t\t\t\t\t\t\t\t\t<\/div>\n\t\t\t\t<\/div>\n\t\t\t\t<\/div>\n\t\t\t\t\t<\/div>\n\t\t\t\t<\/div>\n\t\t<div class=\"elementor-element elementor-element-tp1e5xt e-flex e-con-boxed e-con e-parent\" data-id=\"tp1e5xt\" data-element_type=\"container\">\n\t\t\t\t\t<div class=\"e-con-inner\">\n\t\t<div class=\"elementor-element elementor-element-c48d12f e-con-full e-flex e-con e-child\" data-id=\"c48d12f\" data-element_type=\"container\">\n\t\t\t\t<div class=\"elementor-element elementor-element-491f841 elementor-widget elementor-widget-heading\" data-id=\"491f841\" data-element_type=\"widget\" data-widget_type=\"heading.default\">\n\t\t\t\t<div class=\"elementor-widget-container\">\n\t\t\t<h4 class=\"elementor-heading-title elementor-size-default\">\"NEBESA JSOU LIMIT\"<\/h4>\t\t<\/div>\n\t\t\t\t<\/div>\n\t\t\t\t<div class=\"elementor-element elementor-element-c5cd51e elementor-widget elementor-widget-text-editor\" data-id=\"c5cd51e\" data-element_type=\"widget\" data-widget_type=\"text-editor.default\">\n\t\t\t\t<div class=\"elementor-widget-container\">\n\t\t\t\t\t\t\t<p>N\u00e1\u0161 t\u00fdm se \u0159\u00edd\u00ed heslem &#8222;nebesa jsou limit&#8220;. Je tedy velk\u00e1 \u0161ance, \u017ee probl\u00e9m, kter\u00fd se zd\u00e1 ne\u0159e\u0161iteln\u00fdm, pro n\u00e1s bude skv\u011bl\u00e1 v\u00fdzva.<\/p>\t\t\t\t\t\t<\/div>\n\t\t\t\t<\/div>\n\t\t\t\t<\/div>\n\t\t<div class=\"elementor-element elementor-element-d47d4cd e-con-full e-flex e-con e-child\" data-id=\"d47d4cd\" data-element_type=\"container\">\n\t\t\t\t<div class=\"elementor-element elementor-element-bf795e2 elementor-widget elementor-widget-heading\" data-id=\"bf795e2\" data-element_type=\"widget\" data-widget_type=\"heading.default\">\n\t\t\t\t<div class=\"elementor-widget-container\">\n\t\t\t<h4 class=\"elementor-heading-title elementor-size-default\">Odv\u011btv\u00ed<\/h4>\t\t<\/div>\n\t\t\t\t<\/div>\n\t\t\t\t<div class=\"elementor-element elementor-element-8c4a333 elementor-widget elementor-widget-text-editor\" data-id=\"8c4a333\" data-element_type=\"widget\" data-widget_type=\"text-editor.default\">\n\t\t\t\t<div class=\"elementor-widget-container\">\n\t\t\t\t\t\t\t<p>N\u00e1\u0161 t\u00fdm pokr\u00fdv\u00e1 ve\u0161ker\u00e9 \u010d\u00e1sti pot\u0159ebn\u00e9 pro v\u00fdvoj v oblasti automatizace tzn. software, mechanick\u00fd design, optick\u00fd design a elektronick\u00fd design.\u00a0<\/p>\t\t\t\t\t\t<\/div>\n\t\t\t\t<\/div>\n\t\t\t\t<\/div>\n\t\t\t\t\t<\/div>\n\t\t\t\t<\/div>\n\t\t\t\t<\/div>\n\t\t","protected":false},"excerpt":{"rendered":"<p>POSTUP KROK PO KROKU Sezn\u00e1m\u00edme se s va\u0161\u00edm projektem Provedeme studii proveditelnosti Odprezentujeme v\u00e1m mo\u017en\u00e1 \u0159e\u0161en\u00ed Po v\u00e1mi zvolen\u00e9m \u0159e\u0161en\u00ed [&hellip;]<\/p>\n","protected":false},"author":1,"featured_media":0,"parent":0,"menu_order":0,"comment_status":"closed","ping_status":"closed","template":"","meta":{"site-sidebar-layout":"no-sidebar","site-content-layout":"","ast-site-content-layout":"full-width-container","site-content-style":"default","site-sidebar-style":"default","ast-global-header-display":"","ast-banner-title-visibility":"","ast-main-header-display":"","ast-hfb-above-header-display":"","ast-hfb-below-header-display":"","ast-hfb-mobile-header-display":"","site-post-title":"disabled","ast-breadcrumbs-content":"","ast-featured-img":"disabled","footer-sml-layout":"","ast-disable-related-posts":"","theme-transparent-header-meta":"","adv-header-id-meta":"","stick-header-meta":"","header-above-stick-meta":"","header-main-stick-meta":"","header-below-stick-meta":"","astra-migrate-meta-layouts":"default","ast-page-background-enabled":"default","ast-page-background-meta":{"desktop":{"background-color":"var(--ast-global-color-4)","background-image":"","background-repeat":"repeat","background-position":"center center","background-size":"auto","background-attachment":"scroll","background-type":"","background-media":"","overlay-type":"","overlay-color":"","overlay-opacity":"","overlay-gradient":""},"tablet":{"background-color":"","background-image":"","background-repeat":"repeat","background-position":"center center","background-size":"auto","background-attachment":"scroll","background-type":"","background-media":"","overlay-type":"","overlay-color":"","overlay-opacity":"","overlay-gradient":""},"mobile":{"background-color":"","background-image":"","background-repeat":"repeat","background-position":"center center","background-size":"auto","background-attachment":"scroll","background-type":"","background-media":"","overlay-type":"","overlay-color":"","overlay-opacity":"","overlay-gradient":""}},"ast-content-background-meta":{"desktop":{"background-color":"var(--ast-global-color-5)","background-image":"","background-repeat":"repeat","background-position":"center center","background-size":"auto","background-attachment":"scroll","background-type":"","background-media":"","overlay-type":"","overlay-color":"","overlay-opacity":"","overlay-gradient":""},"tablet":{"background-color":"var(--ast-global-color-5)","background-image":"","background-repeat":"repeat","background-position":"center center","background-size":"auto","background-attachment":"scroll","background-type":"","background-media":"","overlay-type":"","overlay-color":"","overlay-opacity":"","overlay-gradient":""},"mobile":{"background-color":"var(--ast-global-color-5)","background-image":"","background-repeat":"repeat","background-position":"center center","background-size":"auto","background-attachment":"scroll","background-type":"","background-media":"","overlay-type":"","overlay-color":"","overlay-opacity":"","overlay-gradient":""}},"footnotes":""},"class_list":["post-182","page","type-page","status-publish","hentry"],"_links":{"self":[{"href":"https:\/\/www.motionelectronics.cz\/index.php\/wp-json\/wp\/v2\/pages\/182","targetHints":{"allow":["GET"]}}],"collection":[{"href":"https:\/\/www.motionelectronics.cz\/index.php\/wp-json\/wp\/v2\/pages"}],"about":[{"href":"https:\/\/www.motionelectronics.cz\/index.php\/wp-json\/wp\/v2\/types\/page"}],"author":[{"embeddable":true,"href":"https:\/\/www.motionelectronics.cz\/index.php\/wp-json\/wp\/v2\/users\/1"}],"replies":[{"embeddable":true,"href":"https:\/\/www.motionelectronics.cz\/index.php\/wp-json\/wp\/v2\/comments?post=182"}],"version-history":[{"count":37,"href":"https:\/\/www.motionelectronics.cz\/index.php\/wp-json\/wp\/v2\/pages\/182\/revisions"}],"predecessor-version":[{"id":416,"href":"https:\/\/www.motionelectronics.cz\/index.php\/wp-json\/wp\/v2\/pages\/182\/revisions\/416"}],"wp:attachment":[{"href":"https:\/\/www.motionelectronics.cz\/index.php\/wp-json\/wp\/v2\/media?parent=182"}],"curies":[{"name":"wp","href":"https:\/\/api.w.org\/{rel}","templated":true}]}}